{"id":378,"date":"2023-06-05T14:00:33","date_gmt":"2023-06-05T13:00:33","guid":{"rendered":"https:\/\/flagscribe.com\/imprint\/"},"modified":"2023-06-09T22:21:37","modified_gmt":"2023-06-09T21:21:37","slug":"imprimir","status":"publish","type":"page","link":"https:\/\/flagscribe.com\/es\/imprimir\/","title":{"rendered":"Imprint"},"content":{"rendered":"<!-- Legal document generated by Complianz | GDPR\/CCPA Cookie Consent https:\/\/wordpress.org\/plugins\/complianz-gdpr -->\n<div id=\"cmplz-document\" class=\"cmplz-document impressum cmplz-document-all\"><p><i>Este aviso legal \/ pie de imprenta fue actualizado por \u00faltima vez el 09\/06\/2023.<\/i><\/p><p class=\"cmplz-subtitle\">El propietario de esta web es:<\/p><p>Kezers doo doo<br>Letali\u0161ka cesta 16A<br \/>\r\n1000 Liubliana<br>Eslovenia<br>Correo electr\u00f3nico:&nbsp;h&#101;ll&#111;&#064;&#102;la&#103;&#115;cr&#105;&#098;&#101;&#046;com<br>N\u00famero de tel\u00e9fono: + 386 1 8888933<br>CIF (N\u00famero de IVA): SI69490112<\/p><h2>1. General<\/h2><p>No estamos dispuestos ni obligados a participar en procedimientos de resoluci\u00f3n de conflictos ante una junta de arbitraje de consumo.<\/p><h2>2. La siguiente informaci\u00f3n es obligatoria seg\u00fan la legislaci\u00f3n alemana.<\/h2><p class=\"cmplz-subtitle\">2.1 Los elementos constitutivos de la sociedad (capital social) que le han sido asignados:<\/p><p>50.000\u20ac<\/p><\/div>","protected":false},"excerpt":{"rendered":"","protected":false},"author":1,"featured_media":0,"parent":0,"menu_order":0,"comment_status":"closed","ping_status":"closed","template":"","meta":{"_acf_changed":false,"footnotes":""},"class_list":["post-378","page","type-page","status-publish","hentry"],"acf":[],"_links":{"self":[{"href":"https:\/\/flagscribe.com\/es\/wp-json\/wp\/v2\/pages\/378","targetHints":{"allow":["GET"]}}],"collection":[{"href":"https:\/\/flagscribe.com\/es\/wp-json\/wp\/v2\/pages"}],"about":[{"href":"https:\/\/flagscribe.com\/es\/wp-json\/wp\/v2\/types\/page"}],"author":[{"embeddable":true,"href":"https:\/\/flagscribe.com\/es\/wp-json\/wp\/v2\/users\/1"}],"replies":[{"embeddable":true,"href":"https:\/\/flagscribe.com\/es\/wp-json\/wp\/v2\/comments?post=378"}],"version-history":[{"count":1,"href":"https:\/\/flagscribe.com\/es\/wp-json\/wp\/v2\/pages\/378\/revisions"}],"predecessor-version":[{"id":399,"href":"https:\/\/flagscribe.com\/es\/wp-json\/wp\/v2\/pages\/378\/revisions\/399"}],"wp:attachment":[{"href":"https:\/\/flagscribe.com\/es\/wp-json\/wp\/v2\/media?parent=378"}],"curies":[{"name":"wp","href":"https:\/\/api.w.org\/{rel}","templated":true}]}}