{"id":378,"date":"2023-06-05T14:00:33","date_gmt":"2023-06-05T13:00:33","guid":{"rendered":"https:\/\/flagscribe.com\/imprint\/"},"modified":"2023-06-09T22:21:37","modified_gmt":"2023-06-09T21:21:37","slug":"impression","status":"publish","type":"page","link":"https:\/\/flagscribe.com\/fr\/impression\/","title":{"rendered":"Imprint"},"content":{"rendered":"<!-- Legal document generated by Complianz | GDPR\/CCPA Cookie Consent https:\/\/wordpress.org\/plugins\/complianz-gdpr -->\n<div id=\"cmplz-document\" class=\"cmplz-document impressum cmplz-document-all\"><p><i>Cette empreinte a \u00e9t\u00e9 mise \u00e0 jour pour la derni\u00e8re fois le 09\/06\/2023.<\/i><\/p><p class=\"cmplz-subtitle\">Le propri\u00e9taire de ce site web est :<\/p><p>Kezers doo doo<br>Letali\u0161ka cesta 16A<br \/>\r\n1000 Ljubljana<br>Slov\u00e9nie<br>E-mail\u00a0:&nbsp;&#104;e&#108;&#108;&#111;&#064;&#102;lag&#115;&#099;&#114;&#105;&#098;e.com<br>Phone number: + 386 1 8888933<br>ID TVA : SI69490112<\/p><h2>1. G\u00e9n\u00e9ral<\/h2><p>Nous ne sommes ni dispos\u00e9s ni oblig\u00e9s de participer \u00e0 des proc\u00e9dures de r\u00e8glement des litiges devant une commission d'arbitrage des consommateurs.<\/p><h2>2. Les informations suivantes sont obligatoires selon la loi allemande.<\/h2><p class=\"cmplz-subtitle\">2.1 Les actifs de la soci\u00e9t\u00e9 (capital-actions) qui ont \u00e9t\u00e9 acquis par elle :<\/p><p>50.000\u20ac<\/p><\/div>","protected":false},"excerpt":{"rendered":"","protected":false},"author":1,"featured_media":0,"parent":0,"menu_order":0,"comment_status":"closed","ping_status":"closed","template":"","meta":{"_acf_changed":false,"footnotes":""},"class_list":["post-378","page","type-page","status-publish","hentry"],"acf":[],"_links":{"self":[{"href":"https:\/\/flagscribe.com\/fr\/wp-json\/wp\/v2\/pages\/378","targetHints":{"allow":["GET"]}}],"collection":[{"href":"https:\/\/flagscribe.com\/fr\/wp-json\/wp\/v2\/pages"}],"about":[{"href":"https:\/\/flagscribe.com\/fr\/wp-json\/wp\/v2\/types\/page"}],"author":[{"embeddable":true,"href":"https:\/\/flagscribe.com\/fr\/wp-json\/wp\/v2\/users\/1"}],"replies":[{"embeddable":true,"href":"https:\/\/flagscribe.com\/fr\/wp-json\/wp\/v2\/comments?post=378"}],"version-history":[{"count":1,"href":"https:\/\/flagscribe.com\/fr\/wp-json\/wp\/v2\/pages\/378\/revisions"}],"predecessor-version":[{"id":399,"href":"https:\/\/flagscribe.com\/fr\/wp-json\/wp\/v2\/pages\/378\/revisions\/399"}],"wp:attachment":[{"href":"https:\/\/flagscribe.com\/fr\/wp-json\/wp\/v2\/media?parent=378"}],"curies":[{"name":"wp","href":"https:\/\/api.w.org\/{rel}","templated":true}]}}