{"id":378,"date":"2023-06-05T14:00:33","date_gmt":"2023-06-05T13:00:33","guid":{"rendered":"https:\/\/flagscribe.com\/imprint\/"},"modified":"2023-06-09T22:21:37","modified_gmt":"2023-06-09T21:21:37","slug":"odtis","status":"publish","type":"page","link":"https:\/\/flagscribe.com\/sl\/odtis\/","title":{"rendered":"Imprint"},"content":{"rendered":"<!-- Legal document generated by Complianz | GDPR\/CCPA Cookie Consent https:\/\/wordpress.org\/plugins\/complianz-gdpr -->\n<div id=\"cmplz-document\" class=\"cmplz-document impressum cmplz-document-all\"><p><i>Ta odtis je bil nazadnje posodobljen dne 09\/06\/2023.<\/i><\/p><p class=\"cmplz-subtitle\">Lastnik tega spletnega mesta je:<\/p><p>Kezers doo doo<br>Letali\u0161ka cesta 16A<br \/>\r\n1000 Ljubljana<br>Slovenija<br>Elektronska po\u0161ta:&nbsp;he&#108;&#108;o&#064;&#102;&#108;a&#103;scri&#098;e.&#099;o&#109;<br>Phone number: + 386 1 8888933<br>ID ZA DDV: SI69490112<\/p><h2>1. Splo\u0161no<\/h2><p>Nismo pripravljeni ali dol\u017eni sodelovati v postopkih re\u0161evanja sporov pred potro\u0161ni\u0161ko arbitra\u017eo.<\/p><h2>2. Naslednje informacije so obvezne v skladu z nem\u0161ko zakonodajo.<\/h2><p class=\"cmplz-subtitle\">2.1 Die Eigentumsanteile der Gesellschaft (Aktienkapital), die von ihr ausgegeben wurden:<\/p><p>50.000\u20ac<\/p><\/div>","protected":false},"excerpt":{"rendered":"","protected":false},"author":1,"featured_media":0,"parent":0,"menu_order":0,"comment_status":"closed","ping_status":"closed","template":"","meta":{"_acf_changed":false,"footnotes":""},"class_list":["post-378","page","type-page","status-publish","hentry"],"acf":[],"_links":{"self":[{"href":"https:\/\/flagscribe.com\/sl\/wp-json\/wp\/v2\/pages\/378","targetHints":{"allow":["GET"]}}],"collection":[{"href":"https:\/\/flagscribe.com\/sl\/wp-json\/wp\/v2\/pages"}],"about":[{"href":"https:\/\/flagscribe.com\/sl\/wp-json\/wp\/v2\/types\/page"}],"author":[{"embeddable":true,"href":"https:\/\/flagscribe.com\/sl\/wp-json\/wp\/v2\/users\/1"}],"replies":[{"embeddable":true,"href":"https:\/\/flagscribe.com\/sl\/wp-json\/wp\/v2\/comments?post=378"}],"version-history":[{"count":1,"href":"https:\/\/flagscribe.com\/sl\/wp-json\/wp\/v2\/pages\/378\/revisions"}],"predecessor-version":[{"id":399,"href":"https:\/\/flagscribe.com\/sl\/wp-json\/wp\/v2\/pages\/378\/revisions\/399"}],"wp:attachment":[{"href":"https:\/\/flagscribe.com\/sl\/wp-json\/wp\/v2\/media?parent=378"}],"curies":[{"name":"wp","href":"https:\/\/api.w.org\/{rel}","templated":true}]}}